{"id":7717,"date":"2018-09-03T19:31:26","date_gmt":"2018-09-03T22:31:26","guid":{"rendered":"http:\/\/temacolegio.com.br\/tema\/?page_id=7717"},"modified":"2022-11-13T13:41:16","modified_gmt":"2022-11-13T16:41:16","slug":"ischolar-2","status":"publish","type":"page","link":"https:\/\/temacolegio.com.br\/tema\/ischolar-2\/","title":{"rendered":"iScholar-Sistema de comunica\u00e7\u00e3o e gest\u00e3o escolar"},"content":{"rendered":"\n<div class=\"wp-block-cover alignwide has-background-dim\"><img decoding=\"async\" class=\"wp-block-cover__image-background wp-image-9003\" alt=\"\" src=\"http:\/\/temacolegio.com.br\/tema\/wp-content\/uploads\/2020\/01\/Banner-site-2.png\" data-object-fit=\"cover\"\/><div class=\"wp-block-cover__inner-container is-layout-flow wp-block-cover-is-layout-flow\">\n<p class=\"has-text-align-center has-large-font-size\">SISTEMA DE COMUNICA\u00c7\u00c3O E GEST\u00c3O ESCOLAR<\/p>\n<\/div><\/div>\n\n\n<p><span style=\"font-size: 16px; font-family: helvetica, arial, sans-serif;\"><a href=\"https:\/\/tema.paineldoaluno.com.br\/\"><img fetchpriority=\"high\" decoding=\"async\" class=\"aligncenter wp-image-7671 \" src=\"http:\/\/temacolegio.com.br\/tema\/wp-content\/uploads\/2018\/09\/logo_login.png\" alt=\"\" width=\"395\" height=\"137\"><\/a><\/span><\/p>\n<p><\/p>\n<p><span style=\"font-size: 16px; font-family: helvetica, arial, sans-serif;\">O Col\u00e9gio TEMA oferece aos pais, professores e alunos a <strong>plataforma de comunica\u00e7\u00e3o iScholar.<\/strong><\/span><\/p>\n<p><span style=\"font-size: 16px; font-family: helvetica, arial, sans-serif;\">O iScholar pode ser acessado por aplicativo no celular ou tablet (dispon\u00edvel em Android e IOS) ou ainda pelo computador no site&nbsp;<a href=\"https:\/\/tema.paineldoaluno.com.br\/\" target=\"_blank\" rel=\"noopener nofollow noreferrer\" data-ft=\"{&quot;tn&quot;:&quot;-U&quot;}\" data-lynx-mode=\"async\" data-lynx-uri=\"https:\/\/l.facebook.com\/l.php?u=https%3A%2F%2Ftema.paineldoaluno.com.br%2F&amp;h=AT0JfTOzHIlgHXv78U_fXJj-7Pekd73F085dawhiFIyS8BRAuxti6otb02OOw-2g-C9-_B6lwZp1duJ5qTOrqJWVN4hLPZNVrdU2PEvhi6ISQwyMyRcupdttjUcoimEHzQf3yu0yVDuHN4DwN1GzsTYja0Wi_pCWbyUxWJGBBLJBbjrPyDpX42UEtqORN0lMcQm8JYogAPqm1K3y8J6nydPZ7r44XieZ2FH-UeNEPYqIWPm_lMX5uyVZHJQoy0rXLicsDVmdoNJMnXbdPf2OALncChgHKrdLbce1Sk79aSoINfgqvedHy_M6A8PxxBPt2qsdkTV1wCmLzmugZIxBgnKyZPk_oD5D5VyXVsKbe4qm7u8BSCpSPGrSh0EZ6_TXQ94q3Y3r1Ei6g7kxkfDy-p1q2NUVPbQ\">tema.paineldoaluno.com.br<\/a><\/span><\/p>\n<p><span style=\"font-size: 16px; font-family: helvetica, arial, sans-serif;\">Ele disponibiliza acesso r\u00e1pido e em tempo real a diversas informa\u00e7\u00f5es sobre a vida escolar do aluno (tarefas de casa, passeios, nota de avalia\u00e7\u00f5es), controle financeiro, al\u00e9m de mais interatividade com a escola atrav\u00e9s da troca de mensagens com professores, coordenadores e diretores.&nbsp;<\/span><\/p>\n<p style=\"text-align: center;\"><span style=\"font-size: 32px; font-family: helvetica, arial, sans-serif;\"><span class=\"text_exposed_show\"><strong>Tudo isso na palma da m\u00e3o!<\/strong><\/span><\/span><\/p>\n<hr>\n<p style=\"text-align: center;\"><\/p>\n\n\n<h2 class=\"has-text-align-center wp-block-heading\">Acesse agora<\/h2>\n\n\n\n<div class=\"wp-block-button aligncenter\"><a class=\"wp-block-button__link has-vivid-cyan-blue-background-color has-background\" href=\"https:\/\/tema.paineldoaluno.com.br\/\">ACESSE O PAINEL DO ALUNO iSCHOLAR<\/a><\/div>\n\n\n<hr>\n\n\n<h2 class=\"has-text-align-center wp-block-heading\">Baixe o aplicativo<\/h2>\n\n\n\n<div class=\"wp-block-button aligncenter\"><a class=\"wp-block-button__link has-luminous-vivid-amber-background-color has-background\" href=\"https:\/\/play.google.com\/store\/apps\/details?id=com.infinitech.ischolar\">BAIXE O APLICATIVO iSCHOLAR<br>PARA ANDROID NO GOOGLE PLAY. CLIQUE AQUI!<\/a><\/div>\n\n\n\n<div class=\"wp-block-button aligncenter\"><a class=\"wp-block-button__link has-luminous-vivid-amber-background-color has-background\" href=\"https:\/\/play.google.com\/store\/apps\/details?id=com.infinitech.ischolar\">BAIXE O APLICATIVO iSCHOLAR PARA iPHONE.<br> CLIQUE AQUI!<\/a><\/div>\n\n\n<hr>\n\n\n<h2 class=\"has-text-align-center wp-block-heading\">SISTEMA UNO INTERNACIONAL<\/h2>\n\n\n<h3><span style=\"font-family: helvetica, arial, sans-serif;\"><span style=\"font-size: 16px;\">Al\u00e9m do IScholar, o aluno e a fam\u00edlia contam com o Ambiente Virtual de Aprendizagem (Plataforma Digital UNOe) e a Plataforma UNO para aquisi\u00e7\u00e3o do material pedag\u00f3gico. Conhe\u00e7a o Sistema UNO de Ensino<\/span><\/span><\/h3>\n\n\n<div class=\"wp-block-cover alignfull has-background-dim\"><img decoding=\"async\" class=\"wp-block-cover__image-background wp-image-8716\" alt=\"\" src=\"http:\/\/temacolegio.com.br\/tema\/wp-content\/uploads\/2019\/09\/Uno-internacional.png\" data-object-fit=\"cover\"\/><div class=\"wp-block-cover__inner-container is-layout-flow wp-block-cover-is-layout-flow\">\n<p class=\"has-text-align-center has-large-font-size\"><a href=\"https:\/\/unoieducacao.com\/\">Clique para acessar a Plataforma<\/a><\/p>\n<\/div><\/div>\n","protected":false},"excerpt":{"rendered":"<p>O Col\u00e9gio TEMA oferece aos pais, professores e alunos a plataforma de comunica\u00e7\u00e3o iScholar. O iScholar pode ser acessado por aplicativo no celular ou tablet (dispon\u00edvel em Android e IOS) ou ainda pelo computador no site&nbsp;tema.paineldoaluno.com.br Ele disponibiliza acesso r\u00e1pido e em tempo real a diversas informa\u00e7\u00f5es sobre a vida [&hellip;]<\/p>\n","protected":false},"author":1,"featured_media":0,"parent":0,"menu_order":0,"comment_status":"closed","ping_status":"closed","template":"","meta":{"footnotes":""},"class_list":["post-7717","page","type-page","status-publish","hentry"],"_links":{"self":[{"href":"https:\/\/temacolegio.com.br\/tema\/wp-json\/wp\/v2\/pages\/7717","targetHints":{"allow":["GET"]}}],"collection":[{"href":"https:\/\/temacolegio.com.br\/tema\/wp-json\/wp\/v2\/pages"}],"about":[{"href":"https:\/\/temacolegio.com.br\/tema\/wp-json\/wp\/v2\/types\/page"}],"author":[{"embeddable":true,"href":"https:\/\/temacolegio.com.br\/tema\/wp-json\/wp\/v2\/users\/1"}],"replies":[{"embeddable":true,"href":"https:\/\/temacolegio.com.br\/tema\/wp-json\/wp\/v2\/comments?post=7717"}],"version-history":[{"count":36,"href":"https:\/\/temacolegio.com.br\/tema\/wp-json\/wp\/v2\/pages\/7717\/revisions"}],"predecessor-version":[{"id":11820,"href":"https:\/\/temacolegio.com.br\/tema\/wp-json\/wp\/v2\/pages\/7717\/revisions\/11820"}],"wp:attachment":[{"href":"https:\/\/temacolegio.com.br\/tema\/wp-json\/wp\/v2\/media?parent=7717"}],"curies":[{"name":"wp","href":"https:\/\/api.w.org\/{rel}","templated":true}]}}