{"id":192,"date":"2011-03-21T11:25:00","date_gmt":"2011-03-21T14:25:00","guid":{"rendered":"http:\/\/temacolegio.com.br\/tema\/?page_id=192"},"modified":"2026-01-25T19:34:06","modified_gmt":"2026-01-25T22:34:06","slug":"secretaria_online","status":"publish","type":"page","link":"https:\/\/temacolegio.com.br\/tema\/secretaria_online\/","title":{"rendered":"Secretaria Online"},"content":{"rendered":"\t\t<div data-elementor-type=\"wp-page\" data-elementor-id=\"192\" class=\"elementor elementor-192\" data-elementor-post-type=\"page\">\n\t\t\t\t\t\t<section class=\"elementor-section elementor-top-section elementor-element elementor-element-56055c6b elementor-section-boxed elementor-section-height-default elementor-section-height-default\" data-id=\"56055c6b\" data-element_type=\"section\">\n\t\t\t\t\t\t<div class=\"elementor-container elementor-column-gap-default\">\n\t\t\t\t\t<div class=\"elementor-column elementor-col-100 elementor-top-column elementor-element elementor-element-6e0976cd\" data-id=\"6e0976cd\" data-element_type=\"column\">\n\t\t\t<div class=\"elementor-widget-wrap elementor-element-populated\">\n\t\t\t\t\t\t<div class=\"elementor-element elementor-element-408ebee elementor-widget elementor-widget-spacer\" data-id=\"408ebee\" data-element_type=\"widget\" data-widget_type=\"spacer.default\">\n\t\t\t\t<div class=\"elementor-widget-container\">\n\t\t\t\t\t\t\t<div class=\"elementor-spacer\">\n\t\t\t<div class=\"elementor-spacer-inner\"><\/div>\n\t\t<\/div>\n\t\t\t\t\t\t<\/div>\n\t\t\t\t<\/div>\n\t\t\t\t<div class=\"elementor-element elementor-element-750cf00 elementor-widget elementor-widget-spacer\" data-id=\"750cf00\" data-element_type=\"widget\" data-widget_type=\"spacer.default\">\n\t\t\t\t<div class=\"elementor-widget-container\">\n\t\t\t\t\t\t\t<div class=\"elementor-spacer\">\n\t\t\t<div class=\"elementor-spacer-inner\"><\/div>\n\t\t<\/div>\n\t\t\t\t\t\t<\/div>\n\t\t\t\t<\/div>\n\t\t\t\t<div class=\"elementor-element elementor-element-c010fe2 elementor-widget elementor-widget-image\" data-id=\"c010fe2\" data-element_type=\"widget\" data-widget_type=\"image.default\">\n\t\t\t\t<div class=\"elementor-widget-container\">\n\t\t\t\t\t\t\t\t\t\t\t\t\t\t\t<img decoding=\"async\" src=\"http:\/\/temacolegio.com.br\/tema\/wp-content\/uploads\/2021\/09\/Screenshot_2.png\" title=\"\" alt=\"\" loading=\"lazy\" \/>\t\t\t\t\t\t\t\t\t\t\t\t\t\t\t<\/div>\n\t\t\t\t<\/div>\n\t\t\t\t<div class=\"elementor-element elementor-element-7a289bad elementor-widget elementor-widget-text-editor\" data-id=\"7a289bad\" data-element_type=\"widget\" data-widget_type=\"text-editor.default\">\n\t\t\t\t<div class=\"elementor-widget-container\">\n\t\t\t\t\t\t\t\t\t<div class=\"wp-block-media-text alignwide is-stacked-on-mobile has-background\" style=\"background-color: #89bb48; grid-template-columns: 38% auto;\">\n<figure class=\"wp-block-media-text__media\"><\/figure>\n<div class=\"wp-block-media-text__content\" style=\"text-align: left;\"><span style=\"background-color: #ddffee; color: #484848; font-family: Nunito, sans-serif; font-size: 32px; font-weight: var( --e-global-typography-text-font-weight );\"><span style=\"font-weight: var( --e-global-typography-text-font-weight );\">DOCUMENTOS<\/span><\/span><\/div>\n<\/div>\n<p><!-- \/wp:heading --><\/p>\n<p><!-- wp:heading {\"textAlign\":\"center\",\"level\":5} --><\/p>\n<p style=\"text-align: center;\"><span style=\"font-size: 16px;\">Caso voc\u00ea tenha esquecido da folha de reda\u00e7\u00e3o, imprima por aqui!<\/span><\/p>\n<p><!-- \/wp:heading --><\/p>\n<p><!-- wp:button {\"align\":\"center\",\"style\":{\"color\":{\"background\":\"#89bb48\"}}} --><\/p>\n<div class=\"wp-block-button aligncenter\"><span style=\"font-size: 32px; color: #0000ff;\"><a href=\"https:\/\/drive.google.com\/file\/d\/1leXTE6RQkDSd4gVHH68FBOwP4zWpPS15\/view?usp=drive_link\" style=\"color: #0000ff;\">Folha de reda\u00e7\u00e3o<\/a><\/span><\/div>\n<p><!-- \/wp:button --><\/p>\n<p><!-- wp:heading {\"textAlign\":\"center\",\"level\":5} --><\/p>\n<h5 class=\"has-text-align-center\"><span style=\"font-size: 16px;\">Se voc\u00ea perdeu alguma prova, \u00e9 necess\u00e1rio re<\/span>querer a PROVA SUB (substitutiva).<\/h5>\n<p><!-- \/wp:heading --><\/p>\n<p><!-- wp:button {\"textColor\":\"very-dark-gray\",\"align\":\"center\",\"style\":{\"color\":{\"background\":\"#adcd84\"}}} --><\/p>\n<div class=\"wp-block-button aligncenter\"><span style=\"font-size: 32px; color: #0000ff;\"><a href=\"https:\/\/drive.google.com\/file\/d\/1DXyA55S4bTXBuohWwvjtIee3INLW0-ae\/view?usp=drive_link\" style=\"color: #0000ff;\">Requerimento Prova Substitutiva<\/a><\/span><\/div>\n<p><!-- \/wp:button --><\/p>\n<p><!-- wp:separator {\"className\":\"is-style-wide\"} --><\/p>\n<hr class=\"wp-block-separator is-style-wide\" \/>\n<p><!-- \/wp:separator --><\/p>\n<p><!-- wp:heading --><\/p>\n<h2 style=\"text-align: center;\"><span style=\"color: #000000;\"><span style=\"font-size: 16px;\">ACESSE AO ISCHOLA<\/span><span style=\"font-size: 16px;\">R<\/span><\/span><\/h2>\n<p><!-- \/wp:heading --><\/p>\n<p><!-- wp:paragraph --><\/p>\n<p style=\"text-align: center;\"><span style=\"font-size: 32px;\"><span style=\"color: #000000;\"><span style=\"color: #333333;\"><span class=\"_5mfr _47e3\"><span class=\"_7oe\"><img decoding=\"async\" class=\"emoji\" role=\"img\" draggable=\"false\" src=\"https:\/\/s.w.org\/images\/core\/emoji\/13.1.0\/svg\/27a1.svg\" alt=\"\u27a1\" \/> S<\/span><\/span>it<\/span><\/span><span style=\"color: #000000;\"><span style=\"color: #333333;\">e: <\/span><\/span><span style=\"color: #0000ff;\"><a href=\"https:\/\/tema.paineldoaluno.com.br\/\" target=\"_blank\" rel=\"noopener nofollow noreferrer\" data-ft=\"{\" data-lynx-mode=\"async\" data-lynx-uri=\"https:\/\/l.facebook.com\/l.php?u=https%3A%2F%2Ftema.paineldoaluno.com.br%2F&amp;h=AT2eE57vqucgjAAbqRXn0NMI7cT3gB0KiBV3ZLiTQ8m8zrpiGTa-4RdlV6s7uEnKceEILTYOuWdqBBrFdZEb-jewJkPIPq0i9diZvsOvRX2yWA1wPESzqg8w6yj-3uhmTnS_0cj0BFb1eH9ID1GIWE-ToHmz2j9fVuld_UQGqehSyB7szeYKzTNrAsPqV4BNUFWSSootjpVO_gc4VdKmhf035XjMVOnVKvOAFb0-cvmgSCvN6Uy1IeqQN3gM9UZ6O8fVqeNy9YB3njrzUjyBjN6BSXKD9q3_SyMNCpnE40-Y6bU5RRrhYr1vFsNRRnVktd2KmkUXNqUnP9Xngoq471u993uDaIywO2r1sq856TyGclIRLx3UP64miNUKapvbIUoa64KoxJCu6kdHM2h5NNIS9UXwmZEPVj_R53H_\" style=\"color: #0000ff;\">https:\/\/tema.paineldoaluno.com.br<\/a><\/span><\/span><\/p>\n<p><!-- \/wp:paragraph --><\/p>\n<p><!-- wp:button {\"backgroundColor\":\"vivid-cyan-blue\",\"align\":\"center\"} --><\/p>\n<div class=\"wp-block-button aligncenter\"><span style=\"font-size: 14px;\"><a class=\"wp-block-button__link has-vivid-cyan-blue-background-color has-background\" href=\"https:\/\/goo.gl\/jV8qbC\">BAIXE O APLICATIVO ISCHOLAR PARA iPAD<\/a><\/span><\/div>\n<p><!-- \/wp:button --><\/p>\n<p><!-- wp:button {\"backgroundColor\":\"pale-cyan-blue\",\"textColor\":\"very-dark-gray\",\"align\":\"center\"} --><\/p>\n<div class=\"wp-block-button aligncenter\"><span style=\"font-size: 14px; color: #ffffff;\"><a class=\"wp-block-button__link has-very-dark-gray-color has-pale-cyan-blue-background-color has-text-color has-background\" href=\"https:\/\/goo.gl\/wezB5E\" style=\"color: #ffffff;\">BAIXE O APLICATIVO ISCHOLAR PARA ANDROID<\/a><\/span><\/div>\n<p><!-- \/wp:button --><\/p>\n<p><!-- wp:separator {\"className\":\"is-style-wide\"} --><\/p>\n<p><\/p>\n<div class=\"wp-block-media-text alignfull is-stacked-on-mobile has-luminous-vivid-amber-background-color has-background\">\n<div class=\"wp-block-media-text__content\">\n<p><!-- \/wp:paragraph --><\/p>\n<\/div>\n<\/div>\n<p><!-- \/wp:media-text --><\/p>\n<p><!-- wp:paragraph {\"fontSize\":\"larger\"} --><\/p>\n<p class=\"has-larger-font-size\"><\/p>\n<p><!-- \/wp:paragraph --><\/p>\n<p><!-- wp:shortcode --><br \/><br \/><\/p>\n<p><!-- \/wp:image --><\/p>\t\t\t\t\t\t\t\t<\/div>\n\t\t\t\t<\/div>\n\t\t\t\t\t<\/div>\n\t\t<\/div>\n\t\t\t\t\t<\/div>\n\t\t<\/section>\n\t\t\t\t<\/div>\n\t\t","protected":false},"excerpt":{"rendered":"<p>DOCUMENTOS Caso voc\u00ea tenha esquecido da folha de reda\u00e7\u00e3o, imprima por aqui! Folha de reda\u00e7\u00e3o Se voc\u00ea perdeu alguma prova, \u00e9 necess\u00e1rio requerer a PROVA SUB (substitutiva). Requerimento Prova Substitutiva ACESSE AO ISCHOLAR Site: https:\/\/tema.paineldoaluno.com.br BAIXE O APLICATIVO ISCHOLAR PARA iPAD BAIXE O APLICATIVO ISCHOLAR PARA ANDROID<\/p>\n","protected":false},"author":1,"featured_media":0,"parent":0,"menu_order":0,"comment_status":"open","ping_status":"open","template":"","meta":{"footnotes":""},"class_list":["post-192","page","type-page","status-publish","hentry"],"_links":{"self":[{"href":"https:\/\/temacolegio.com.br\/tema\/wp-json\/wp\/v2\/pages\/192","targetHints":{"allow":["GET"]}}],"collection":[{"href":"https:\/\/temacolegio.com.br\/tema\/wp-json\/wp\/v2\/pages"}],"about":[{"href":"https:\/\/temacolegio.com.br\/tema\/wp-json\/wp\/v2\/types\/page"}],"author":[{"embeddable":true,"href":"https:\/\/temacolegio.com.br\/tema\/wp-json\/wp\/v2\/users\/1"}],"replies":[{"embeddable":true,"href":"https:\/\/temacolegio.com.br\/tema\/wp-json\/wp\/v2\/comments?post=192"}],"version-history":[{"count":473,"href":"https:\/\/temacolegio.com.br\/tema\/wp-json\/wp\/v2\/pages\/192\/revisions"}],"predecessor-version":[{"id":20974,"href":"https:\/\/temacolegio.com.br\/tema\/wp-json\/wp\/v2\/pages\/192\/revisions\/20974"}],"wp:attachment":[{"href":"https:\/\/temacolegio.com.br\/tema\/wp-json\/wp\/v2\/media?parent=192"}],"curies":[{"name":"wp","href":"https:\/\/api.w.org\/{rel}","templated":true}]}}