{"id":159,"date":"2011-03-19T03:51:23","date_gmt":"2011-03-19T06:51:23","guid":{"rendered":"http:\/\/temacolegio.com.br\/tema\/?page_id=159"},"modified":"2026-01-30T11:38:20","modified_gmt":"2026-01-30T14:38:20","slug":"ensino-fundamental-1","status":"publish","type":"page","link":"https:\/\/temacolegio.com.br\/tema\/ensino-fundamental-1\/","title":{"rendered":"Ensino Fundamental I"},"content":{"rendered":"\t\t<div data-elementor-type=\"wp-page\" data-elementor-id=\"159\" class=\"elementor elementor-159\" data-elementor-post-type=\"page\">\n\t\t\t\t\t\t<section class=\"elementor-section elementor-top-section elementor-element elementor-element-ec01028 elementor-section-boxed elementor-section-height-default elementor-section-height-default\" data-id=\"ec01028\" data-element_type=\"section\">\n\t\t\t\t\t\t<div class=\"elementor-container elementor-column-gap-default\">\n\t\t\t\t\t<div class=\"elementor-column elementor-col-100 elementor-top-column elementor-element elementor-element-14d522c0\" data-id=\"14d522c0\" data-element_type=\"column\">\n\t\t\t<div class=\"elementor-widget-wrap elementor-element-populated\">\n\t\t\t\t\t\t<div class=\"elementor-element elementor-element-2b93feb elementor-widget elementor-widget-text-editor\" data-id=\"2b93feb\" data-element_type=\"widget\" data-widget_type=\"text-editor.default\">\n\t\t\t\t<div class=\"elementor-widget-container\">\n\t\t\t\t\t\t\t\t\t<p style=\"text-align: center;\"><span style=\"font-size: 16px;\"><a href=\"https:\/\/temacolegio.com.br\/tema\/agenda-fundamental-1\/\"><span style=\"color: #008000;\">Calend\u00e1rios do Ens Fundamental I, clique aqui!\u00a0<\/span><\/a><\/span><\/p>\t\t\t\t\t\t\t\t<\/div>\n\t\t\t\t<\/div>\n\t\t\t\t<div class=\"elementor-element elementor-element-4a6d2cf8 elementor-widget elementor-widget-text-editor\" data-id=\"4a6d2cf8\" data-element_type=\"widget\" data-widget_type=\"text-editor.default\">\n\t\t\t\t<div class=\"elementor-widget-container\">\n\t\t\t\t\t\t\t\t\t<p class=\"\" style=\"text-align: center;\" data-start=\"128\" data-end=\"201\"><span style=\"color: #000000; font-size: 20px;\"><strong data-start=\"128\" data-end=\"201\">Forma\u00e7\u00e3o Integral para Crian\u00e7as do 1\u00ba ao 5\u00ba Ano do Ensino Fundamental<\/strong><\/span><\/p><p class=\"\" data-start=\"203\" data-end=\"539\"><span style=\"color: #000000; font-size: 16px;\">No Ensino Fundamental \u2013 Anos Iniciais, nosso maior prop\u00f3sito \u00e9 formar crian\u00e7as felizes, aut\u00f4nomas e preparadas para os desafios do conhecimento. Valorizamos a constru\u00e7\u00e3o do saber de forma significativa, respeitando as fases do desenvolvimento infantil e estimulando o racioc\u00ednio, a criatividade e a capacidade de resolu\u00e7\u00e3o de problemas.<\/span><\/p><p class=\"\" data-start=\"541\" data-end=\"914\"><span style=\"color: #000000; font-size: 16px;\">Incentivamos a curiosidade natural das crian\u00e7as, promovendo experi\u00eancias que despertam o interesse pela linguagem, pelos c\u00f3digos e pelos campos do conhecimento: Ci\u00eancias da Natureza, Matem\u00e1tica, Ci\u00eancias Humanas e suas Tecnologias. Nosso compromisso \u00e9 proporcionar uma inf\u00e2ncia rica em descobertas, motivando os alunos a desbravar o mundo com entusiasmo e responsabilidade.<\/span><\/p><p class=\"\" data-start=\"916\" data-end=\"1046\"><span style=\"color: #000000; font-size: 16px;\">Visamos a forma\u00e7\u00e3o de cidad\u00e3os conscientes, cr\u00edticos e atuantes, aptos a transformar positivamente a sociedade em sua vida adulta.<\/span><\/p><p class=\"\" data-start=\"1048\" data-end=\"1277\"><span style=\"color: #000000; font-size: 16px;\">Para concretizar esses objetivos, desenvolvemos atividades, projetos e utilizamos recursos tecnol\u00f3gicos inovadores, todos cuidadosamente planejados para atender \u00e0s necessidades e potencializar as habilidades de nossos estudantes.<\/span><\/p>\t\t\t\t\t\t\t\t<\/div>\n\t\t\t\t<\/div>\n\t\t\t\t\t<\/div>\n\t\t<\/div>\n\t\t\t\t\t<\/div>\n\t\t<\/section>\n\t\t\t\t<section class=\"elementor-section elementor-top-section elementor-element elementor-element-9d9368e elementor-section-boxed elementor-section-height-default elementor-section-height-default\" data-id=\"9d9368e\" data-element_type=\"section\">\n\t\t\t\t\t\t<div class=\"elementor-container elementor-column-gap-default\">\n\t\t\t\t\t<div class=\"elementor-column elementor-col-100 elementor-top-column elementor-element elementor-element-2989d2e\" data-id=\"2989d2e\" data-element_type=\"column\">\n\t\t\t<div class=\"elementor-widget-wrap elementor-element-populated\">\n\t\t\t\t\t\t<div class=\"elementor-element elementor-element-f26ba32 elementor-widget elementor-widget-gallery\" data-id=\"f26ba32\" data-element_type=\"widget\" data-settings=\"{&quot;gallery_layout&quot;:&quot;grid&quot;,&quot;columns&quot;:4,&quot;columns_tablet&quot;:2,&quot;columns_mobile&quot;:1,&quot;gap&quot;:{&quot;unit&quot;:&quot;px&quot;,&quot;size&quot;:10,&quot;sizes&quot;:[]},&quot;gap_tablet&quot;:{&quot;unit&quot;:&quot;px&quot;,&quot;size&quot;:10,&quot;sizes&quot;:[]},&quot;gap_mobile&quot;:{&quot;unit&quot;:&quot;px&quot;,&quot;size&quot;:10,&quot;sizes&quot;:[]},&quot;link_to&quot;:&quot;file&quot;,&quot;aspect_ratio&quot;:&quot;3:2&quot;,&quot;overlay_background&quot;:&quot;yes&quot;,&quot;content_hover_animation&quot;:&quot;fade-in&quot;}\" data-widget_type=\"gallery.default\">\n\t\t\t\t<div class=\"elementor-widget-container\">\n\t\t\t\t\t\t\t<div class=\"elementor-gallery__container\">\n\t\t\t\t\t\t\t<a class=\"e-gallery-item elementor-gallery-item elementor-animated-content\" href=\"https:\/\/temacolegio.com.br\/tema\/wp-content\/uploads\/2023\/12\/IMG_0188-scaled.jpg\" data-elementor-open-lightbox=\"yes\" data-elementor-lightbox-slideshow=\"f26ba32\" data-e-action-hash=\"#elementor-action%3Aaction%3Dlightbox%26settings%3DeyJpZCI6MTY0NTksInVybCI6Imh0dHBzOlwvXC90ZW1hY29sZWdpby5jb20uYnJcL3RlbWFcL3dwLWNvbnRlbnRcL3VwbG9hZHNcLzIwMjNcLzEyXC9JTUdfMDE4OC1zY2FsZWQuanBnIiwic2xpZGVzaG93IjoiZjI2YmEzMiJ9\">\n\t\t\t\t\t<div class=\"e-gallery-image elementor-gallery-item__image\" data-thumbnail=\"https:\/\/temacolegio.com.br\/tema\/wp-content\/uploads\/2023\/12\/IMG_0188-300x224.jpg\" data-width=\"300\" data-height=\"224\" aria-label=\"\" role=\"img\" ><\/div>\n\t\t\t\t\t\t\t\t\t\t\t<div class=\"elementor-gallery-item__overlay\"><\/div>\n\t\t\t\t\t\t\t\t\t\t\t\t\t\t<\/a>\n\t\t\t\t\t\t\t<a class=\"e-gallery-item elementor-gallery-item elementor-animated-content\" href=\"https:\/\/temacolegio.com.br\/tema\/wp-content\/uploads\/2023\/12\/IMG_0217.jpg\" data-elementor-open-lightbox=\"yes\" data-elementor-lightbox-slideshow=\"f26ba32\" data-e-action-hash=\"#elementor-action%3Aaction%3Dlightbox%26settings%3DeyJpZCI6MTY0NjEsInVybCI6Imh0dHBzOlwvXC90ZW1hY29sZWdpby5jb20uYnJcL3RlbWFcL3dwLWNvbnRlbnRcL3VwbG9hZHNcLzIwMjNcLzEyXC9JTUdfMDIxNy5qcGciLCJzbGlkZXNob3ciOiJmMjZiYTMyIn0%3D\">\n\t\t\t\t\t<div class=\"e-gallery-image elementor-gallery-item__image\" data-thumbnail=\"https:\/\/temacolegio.com.br\/tema\/wp-content\/uploads\/2023\/12\/IMG_0217.jpg\" data-width=\"1\" data-height=\"1\" aria-label=\"\" role=\"img\" ><\/div>\n\t\t\t\t\t\t\t\t\t\t\t<div class=\"elementor-gallery-item__overlay\"><\/div>\n\t\t\t\t\t\t\t\t\t\t\t\t\t\t<\/a>\n\t\t\t\t\t\t\t<a class=\"e-gallery-item elementor-gallery-item elementor-animated-content\" href=\"https:\/\/temacolegio.com.br\/tema\/wp-content\/uploads\/2023\/12\/IMG_0243-scaled.jpg\" data-elementor-open-lightbox=\"yes\" data-elementor-lightbox-slideshow=\"f26ba32\" data-e-action-hash=\"#elementor-action%3Aaction%3Dlightbox%26settings%3DeyJpZCI6MTY0NjIsInVybCI6Imh0dHBzOlwvXC90ZW1hY29sZWdpby5jb20uYnJcL3RlbWFcL3dwLWNvbnRlbnRcL3VwbG9hZHNcLzIwMjNcLzEyXC9JTUdfMDI0My1zY2FsZWQuanBnIiwic2xpZGVzaG93IjoiZjI2YmEzMiJ9\">\n\t\t\t\t\t<div class=\"e-gallery-image elementor-gallery-item__image\" data-thumbnail=\"https:\/\/temacolegio.com.br\/tema\/wp-content\/uploads\/2023\/12\/IMG_0243-300x224.jpg\" data-width=\"300\" data-height=\"224\" aria-label=\"\" role=\"img\" ><\/div>\n\t\t\t\t\t\t\t\t\t\t\t<div class=\"elementor-gallery-item__overlay\"><\/div>\n\t\t\t\t\t\t\t\t\t\t\t\t\t\t<\/a>\n\t\t\t\t\t\t\t<a class=\"e-gallery-item elementor-gallery-item elementor-animated-content\" href=\"https:\/\/temacolegio.com.br\/tema\/wp-content\/uploads\/2023\/12\/IMG_0416.jpg\" data-elementor-open-lightbox=\"yes\" data-elementor-lightbox-slideshow=\"f26ba32\" data-e-action-hash=\"#elementor-action%3Aaction%3Dlightbox%26settings%3DeyJpZCI6MTY0NjMsInVybCI6Imh0dHBzOlwvXC90ZW1hY29sZWdpby5jb20uYnJcL3RlbWFcL3dwLWNvbnRlbnRcL3VwbG9hZHNcLzIwMjNcLzEyXC9JTUdfMDQxNi5qcGciLCJzbGlkZXNob3ciOiJmMjZiYTMyIn0%3D\">\n\t\t\t\t\t<div class=\"e-gallery-image elementor-gallery-item__image\" data-thumbnail=\"https:\/\/temacolegio.com.br\/tema\/wp-content\/uploads\/2023\/12\/IMG_0416.jpg\" data-width=\"1\" data-height=\"1\" aria-label=\"\" role=\"img\" ><\/div>\n\t\t\t\t\t\t\t\t\t\t\t<div class=\"elementor-gallery-item__overlay\"><\/div>\n\t\t\t\t\t\t\t\t\t\t\t\t\t\t<\/a>\n\t\t\t\t\t\t\t<a class=\"e-gallery-item elementor-gallery-item elementor-animated-content\" href=\"https:\/\/temacolegio.com.br\/tema\/wp-content\/uploads\/2023\/12\/IMG_5154-scaled.jpg\" data-elementor-open-lightbox=\"yes\" data-elementor-lightbox-slideshow=\"f26ba32\" data-e-action-hash=\"#elementor-action%3Aaction%3Dlightbox%26settings%3DeyJpZCI6MTY0NjQsInVybCI6Imh0dHBzOlwvXC90ZW1hY29sZWdpby5jb20uYnJcL3RlbWFcL3dwLWNvbnRlbnRcL3VwbG9hZHNcLzIwMjNcLzEyXC9JTUdfNTE1NC1zY2FsZWQuanBnIiwic2xpZGVzaG93IjoiZjI2YmEzMiJ9\">\n\t\t\t\t\t<div class=\"e-gallery-image elementor-gallery-item__image\" data-thumbnail=\"https:\/\/temacolegio.com.br\/tema\/wp-content\/uploads\/2023\/12\/IMG_5154-300x200.jpg\" data-width=\"300\" data-height=\"200\" aria-label=\"\" role=\"img\" ><\/div>\n\t\t\t\t\t\t\t\t\t\t\t<div class=\"elementor-gallery-item__overlay\"><\/div>\n\t\t\t\t\t\t\t\t\t\t\t\t\t\t<\/a>\n\t\t\t\t\t\t\t<a class=\"e-gallery-item elementor-gallery-item elementor-animated-content\" href=\"https:\/\/temacolegio.com.br\/tema\/wp-content\/uploads\/2023\/12\/IMG_5796-scaled.jpg\" data-elementor-open-lightbox=\"yes\" data-elementor-lightbox-slideshow=\"f26ba32\" data-e-action-hash=\"#elementor-action%3Aaction%3Dlightbox%26settings%3DeyJpZCI6MTY0NjUsInVybCI6Imh0dHBzOlwvXC90ZW1hY29sZWdpby5jb20uYnJcL3RlbWFcL3dwLWNvbnRlbnRcL3VwbG9hZHNcLzIwMjNcLzEyXC9JTUdfNTc5Ni1zY2FsZWQuanBnIiwic2xpZGVzaG93IjoiZjI2YmEzMiJ9\">\n\t\t\t\t\t<div class=\"e-gallery-image elementor-gallery-item__image\" data-thumbnail=\"https:\/\/temacolegio.com.br\/tema\/wp-content\/uploads\/2023\/12\/IMG_5796-300x200.jpg\" data-width=\"300\" data-height=\"200\" aria-label=\"\" role=\"img\" ><\/div>\n\t\t\t\t\t\t\t\t\t\t\t<div class=\"elementor-gallery-item__overlay\"><\/div>\n\t\t\t\t\t\t\t\t\t\t\t\t\t\t<\/a>\n\t\t\t\t\t\t\t<a class=\"e-gallery-item elementor-gallery-item elementor-animated-content\" href=\"https:\/\/temacolegio.com.br\/tema\/wp-content\/uploads\/2023\/12\/WhatsApp-Image-2023-10-31-at-16.51.09-1.jpeg\" data-elementor-open-lightbox=\"yes\" data-elementor-lightbox-slideshow=\"f26ba32\" data-e-action-hash=\"#elementor-action%3Aaction%3Dlightbox%26settings%3DeyJpZCI6MTY0NjYsInVybCI6Imh0dHBzOlwvXC90ZW1hY29sZWdpby5jb20uYnJcL3RlbWFcL3dwLWNvbnRlbnRcL3VwbG9hZHNcLzIwMjNcLzEyXC9XaGF0c0FwcC1JbWFnZS0yMDIzLTEwLTMxLWF0LTE2LjUxLjA5LTEuanBlZyIsInNsaWRlc2hvdyI6ImYyNmJhMzIifQ%3D%3D\">\n\t\t\t\t\t<div class=\"e-gallery-image elementor-gallery-item__image\" data-thumbnail=\"https:\/\/temacolegio.com.br\/tema\/wp-content\/uploads\/2023\/12\/WhatsApp-Image-2023-10-31-at-16.51.09-1-300x135.jpeg\" data-width=\"300\" data-height=\"135\" aria-label=\"\" role=\"img\" ><\/div>\n\t\t\t\t\t\t\t\t\t\t\t<div class=\"elementor-gallery-item__overlay\"><\/div>\n\t\t\t\t\t\t\t\t\t\t\t\t\t\t<\/a>\n\t\t\t\t\t\t\t<a class=\"e-gallery-item elementor-gallery-item elementor-animated-content\" href=\"https:\/\/temacolegio.com.br\/tema\/wp-content\/uploads\/2023\/12\/WhatsApp-Image-2023-10-31-at-16.51.09-3.jpeg\" data-elementor-open-lightbox=\"yes\" data-elementor-lightbox-slideshow=\"f26ba32\" data-e-action-hash=\"#elementor-action%3Aaction%3Dlightbox%26settings%3DeyJpZCI6MTY0NjcsInVybCI6Imh0dHBzOlwvXC90ZW1hY29sZWdpby5jb20uYnJcL3RlbWFcL3dwLWNvbnRlbnRcL3VwbG9hZHNcLzIwMjNcLzEyXC9XaGF0c0FwcC1JbWFnZS0yMDIzLTEwLTMxLWF0LTE2LjUxLjA5LTMuanBlZyIsInNsaWRlc2hvdyI6ImYyNmJhMzIifQ%3D%3D\">\n\t\t\t\t\t<div class=\"e-gallery-image elementor-gallery-item__image\" data-thumbnail=\"https:\/\/temacolegio.com.br\/tema\/wp-content\/uploads\/2023\/12\/WhatsApp-Image-2023-10-31-at-16.51.09-3-300x225.jpeg\" data-width=\"300\" data-height=\"225\" aria-label=\"\" role=\"img\" ><\/div>\n\t\t\t\t\t\t\t\t\t\t\t<div class=\"elementor-gallery-item__overlay\"><\/div>\n\t\t\t\t\t\t\t\t\t\t\t\t\t\t<\/a>\n\t\t\t\t\t\t\t<a class=\"e-gallery-item elementor-gallery-item elementor-animated-content\" href=\"https:\/\/temacolegio.com.br\/tema\/wp-content\/uploads\/2023\/12\/WhatsApp-Image-2023-10-31-at-16.51.09.jpeg\" data-elementor-open-lightbox=\"yes\" data-elementor-lightbox-slideshow=\"f26ba32\" data-e-action-hash=\"#elementor-action%3Aaction%3Dlightbox%26settings%3DeyJpZCI6MTY0NjgsInVybCI6Imh0dHBzOlwvXC90ZW1hY29sZWdpby5jb20uYnJcL3RlbWFcL3dwLWNvbnRlbnRcL3VwbG9hZHNcLzIwMjNcLzEyXC9XaGF0c0FwcC1JbWFnZS0yMDIzLTEwLTMxLWF0LTE2LjUxLjA5LmpwZWciLCJzbGlkZXNob3ciOiJmMjZiYTMyIn0%3D\">\n\t\t\t\t\t<div class=\"e-gallery-image elementor-gallery-item__image\" data-thumbnail=\"https:\/\/temacolegio.com.br\/tema\/wp-content\/uploads\/2023\/12\/WhatsApp-Image-2023-10-31-at-16.51.09-300x135.jpeg\" data-width=\"300\" data-height=\"135\" aria-label=\"\" role=\"img\" ><\/div>\n\t\t\t\t\t\t\t\t\t\t\t<div class=\"elementor-gallery-item__overlay\"><\/div>\n\t\t\t\t\t\t\t\t\t\t\t\t\t\t<\/a>\n\t\t\t\t\t\t\t<a class=\"e-gallery-item elementor-gallery-item elementor-animated-content\" href=\"https:\/\/temacolegio.com.br\/tema\/wp-content\/uploads\/2023\/12\/WhatsApp-Image-2023-10-31-at-16.51.10-1.jpeg\" data-elementor-open-lightbox=\"yes\" data-elementor-lightbox-slideshow=\"f26ba32\" data-e-action-hash=\"#elementor-action%3Aaction%3Dlightbox%26settings%3DeyJpZCI6MTY0NjksInVybCI6Imh0dHBzOlwvXC90ZW1hY29sZWdpby5jb20uYnJcL3RlbWFcL3dwLWNvbnRlbnRcL3VwbG9hZHNcLzIwMjNcLzEyXC9XaGF0c0FwcC1JbWFnZS0yMDIzLTEwLTMxLWF0LTE2LjUxLjEwLTEuanBlZyIsInNsaWRlc2hvdyI6ImYyNmJhMzIifQ%3D%3D\">\n\t\t\t\t\t<div class=\"e-gallery-image elementor-gallery-item__image\" data-thumbnail=\"https:\/\/temacolegio.com.br\/tema\/wp-content\/uploads\/2023\/12\/WhatsApp-Image-2023-10-31-at-16.51.10-1-300x135.jpeg\" data-width=\"300\" data-height=\"135\" aria-label=\"\" role=\"img\" ><\/div>\n\t\t\t\t\t\t\t\t\t\t\t<div class=\"elementor-gallery-item__overlay\"><\/div>\n\t\t\t\t\t\t\t\t\t\t\t\t\t\t<\/a>\n\t\t\t\t\t\t\t<a class=\"e-gallery-item elementor-gallery-item elementor-animated-content\" href=\"https:\/\/temacolegio.com.br\/tema\/wp-content\/uploads\/2023\/12\/WhatsApp-Image-2023-10-31-at-16.55.11-1.jpeg\" data-elementor-open-lightbox=\"yes\" data-elementor-lightbox-slideshow=\"f26ba32\" data-e-action-hash=\"#elementor-action%3Aaction%3Dlightbox%26settings%3DeyJpZCI6MTY0NzAsInVybCI6Imh0dHBzOlwvXC90ZW1hY29sZWdpby5jb20uYnJcL3RlbWFcL3dwLWNvbnRlbnRcL3VwbG9hZHNcLzIwMjNcLzEyXC9XaGF0c0FwcC1JbWFnZS0yMDIzLTEwLTMxLWF0LTE2LjU1LjExLTEuanBlZyIsInNsaWRlc2hvdyI6ImYyNmJhMzIifQ%3D%3D\">\n\t\t\t\t\t<div class=\"e-gallery-image elementor-gallery-item__image\" data-thumbnail=\"https:\/\/temacolegio.com.br\/tema\/wp-content\/uploads\/2023\/12\/WhatsApp-Image-2023-10-31-at-16.55.11-1-300x169.jpeg\" data-width=\"300\" data-height=\"169\" aria-label=\"\" role=\"img\" ><\/div>\n\t\t\t\t\t\t\t\t\t\t\t<div class=\"elementor-gallery-item__overlay\"><\/div>\n\t\t\t\t\t\t\t\t\t\t\t\t\t\t<\/a>\n\t\t\t\t\t\t\t<a class=\"e-gallery-item elementor-gallery-item elementor-animated-content\" href=\"https:\/\/temacolegio.com.br\/tema\/wp-content\/uploads\/2023\/12\/IMG-20231215-WA0012.jpg\" data-elementor-open-lightbox=\"yes\" data-elementor-lightbox-slideshow=\"f26ba32\" data-e-action-hash=\"#elementor-action%3Aaction%3Dlightbox%26settings%3DeyJpZCI6MTY0NzEsInVybCI6Imh0dHBzOlwvXC90ZW1hY29sZWdpby5jb20uYnJcL3RlbWFcL3dwLWNvbnRlbnRcL3VwbG9hZHNcLzIwMjNcLzEyXC9JTUctMjAyMzEyMTUtV0EwMDEyLmpwZyIsInNsaWRlc2hvdyI6ImYyNmJhMzIifQ%3D%3D\">\n\t\t\t\t\t<div class=\"e-gallery-image elementor-gallery-item__image\" data-thumbnail=\"https:\/\/temacolegio.com.br\/tema\/wp-content\/uploads\/2023\/12\/IMG-20231215-WA0012-300x135.jpg\" data-width=\"300\" data-height=\"135\" aria-label=\"\" role=\"img\" ><\/div>\n\t\t\t\t\t\t\t\t\t\t\t<div class=\"elementor-gallery-item__overlay\"><\/div>\n\t\t\t\t\t\t\t\t\t\t\t\t\t\t<\/a>\n\t\t\t\t\t\t\t<a class=\"e-gallery-item elementor-gallery-item elementor-animated-content\" href=\"https:\/\/temacolegio.com.br\/tema\/wp-content\/uploads\/2023\/12\/IMG-20231215-WA0027.jpg\" data-elementor-open-lightbox=\"yes\" data-elementor-lightbox-slideshow=\"f26ba32\" data-e-action-hash=\"#elementor-action%3Aaction%3Dlightbox%26settings%3DeyJpZCI6MTY0NzIsInVybCI6Imh0dHBzOlwvXC90ZW1hY29sZWdpby5jb20uYnJcL3RlbWFcL3dwLWNvbnRlbnRcL3VwbG9hZHNcLzIwMjNcLzEyXC9JTUctMjAyMzEyMTUtV0EwMDI3LmpwZyIsInNsaWRlc2hvdyI6ImYyNmJhMzIifQ%3D%3D\">\n\t\t\t\t\t<div class=\"e-gallery-image elementor-gallery-item__image\" data-thumbnail=\"https:\/\/temacolegio.com.br\/tema\/wp-content\/uploads\/2023\/12\/IMG-20231215-WA0027-300x135.jpg\" data-width=\"300\" data-height=\"135\" aria-label=\"\" role=\"img\" ><\/div>\n\t\t\t\t\t\t\t\t\t\t\t<div class=\"elementor-gallery-item__overlay\"><\/div>\n\t\t\t\t\t\t\t\t\t\t\t\t\t\t<\/a>\n\t\t\t\t\t\t\t<a class=\"e-gallery-item elementor-gallery-item elementor-animated-content\" href=\"https:\/\/temacolegio.com.br\/tema\/wp-content\/uploads\/2023\/12\/IMG-20231215-WA0028.jpg\" data-elementor-open-lightbox=\"yes\" data-elementor-lightbox-slideshow=\"f26ba32\" data-e-action-hash=\"#elementor-action%3Aaction%3Dlightbox%26settings%3DeyJpZCI6MTY0NzMsInVybCI6Imh0dHBzOlwvXC90ZW1hY29sZWdpby5jb20uYnJcL3RlbWFcL3dwLWNvbnRlbnRcL3VwbG9hZHNcLzIwMjNcLzEyXC9JTUctMjAyMzEyMTUtV0EwMDI4LmpwZyIsInNsaWRlc2hvdyI6ImYyNmJhMzIifQ%3D%3D\">\n\t\t\t\t\t<div class=\"e-gallery-image elementor-gallery-item__image\" data-thumbnail=\"https:\/\/temacolegio.com.br\/tema\/wp-content\/uploads\/2023\/12\/IMG-20231215-WA0028-300x135.jpg\" data-width=\"300\" data-height=\"135\" aria-label=\"\" role=\"img\" ><\/div>\n\t\t\t\t\t\t\t\t\t\t\t<div class=\"elementor-gallery-item__overlay\"><\/div>\n\t\t\t\t\t\t\t\t\t\t\t\t\t\t<\/a>\n\t\t\t\t\t\t\t<a class=\"e-gallery-item elementor-gallery-item elementor-animated-content\" href=\"https:\/\/temacolegio.com.br\/tema\/wp-content\/uploads\/2023\/12\/IMG-20231215-WA0029.jpg\" data-elementor-open-lightbox=\"yes\" data-elementor-lightbox-slideshow=\"f26ba32\" data-e-action-hash=\"#elementor-action%3Aaction%3Dlightbox%26settings%3DeyJpZCI6MTY0NzQsInVybCI6Imh0dHBzOlwvXC90ZW1hY29sZWdpby5jb20uYnJcL3RlbWFcL3dwLWNvbnRlbnRcL3VwbG9hZHNcLzIwMjNcLzEyXC9JTUctMjAyMzEyMTUtV0EwMDI5LmpwZyIsInNsaWRlc2hvdyI6ImYyNmJhMzIifQ%3D%3D\">\n\t\t\t\t\t<div class=\"e-gallery-image elementor-gallery-item__image\" data-thumbnail=\"https:\/\/temacolegio.com.br\/tema\/wp-content\/uploads\/2023\/12\/IMG-20231215-WA0029-300x135.jpg\" data-width=\"300\" data-height=\"135\" aria-label=\"\" role=\"img\" ><\/div>\n\t\t\t\t\t\t\t\t\t\t\t<div class=\"elementor-gallery-item__overlay\"><\/div>\n\t\t\t\t\t\t\t\t\t\t\t\t\t\t<\/a>\n\t\t\t\t\t\t\t<a class=\"e-gallery-item elementor-gallery-item elementor-animated-content\" href=\"https:\/\/temacolegio.com.br\/tema\/wp-content\/uploads\/2023\/12\/IMG-20231215-WA0030.jpg\" data-elementor-open-lightbox=\"yes\" data-elementor-lightbox-slideshow=\"f26ba32\" data-e-action-hash=\"#elementor-action%3Aaction%3Dlightbox%26settings%3DeyJpZCI6MTY0NzUsInVybCI6Imh0dHBzOlwvXC90ZW1hY29sZWdpby5jb20uYnJcL3RlbWFcL3dwLWNvbnRlbnRcL3VwbG9hZHNcLzIwMjNcLzEyXC9JTUctMjAyMzEyMTUtV0EwMDMwLmpwZyIsInNsaWRlc2hvdyI6ImYyNmJhMzIifQ%3D%3D\">\n\t\t\t\t\t<div class=\"e-gallery-image elementor-gallery-item__image\" data-thumbnail=\"https:\/\/temacolegio.com.br\/tema\/wp-content\/uploads\/2023\/12\/IMG-20231215-WA0030-300x135.jpg\" data-width=\"300\" data-height=\"135\" aria-label=\"\" role=\"img\" ><\/div>\n\t\t\t\t\t\t\t\t\t\t\t<div class=\"elementor-gallery-item__overlay\"><\/div>\n\t\t\t\t\t\t\t\t\t\t\t\t\t\t<\/a>\n\t\t\t\t\t<\/div>\n\t\t\t\t\t<\/div>\n\t\t\t\t<\/div>\n\t\t\t\t\t<\/div>\n\t\t<\/div>\n\t\t\t\t\t<\/div>\n\t\t<\/section>\n\t\t\t\t<\/div>\n\t\t","protected":false},"excerpt":{"rendered":"<p>Calend\u00e1rios do Ens Fundamental I, clique aqui!\u00a0 Forma\u00e7\u00e3o Integral para Crian\u00e7as do 1\u00ba ao 5\u00ba Ano do Ensino Fundamental No Ensino Fundamental \u2013 Anos Iniciais, nosso maior prop\u00f3sito \u00e9 formar crian\u00e7as felizes, aut\u00f4nomas e preparadas para os desafios do conhecimento. Valorizamos a constru\u00e7\u00e3o do saber de forma significativa, respeitando as [&hellip;]<\/p>\n","protected":false},"author":1,"featured_media":0,"parent":0,"menu_order":0,"comment_status":"closed","ping_status":"closed","template":"","meta":{"footnotes":""},"class_list":["post-159","page","type-page","status-publish","hentry"],"_links":{"self":[{"href":"https:\/\/temacolegio.com.br\/tema\/wp-json\/wp\/v2\/pages\/159","targetHints":{"allow":["GET"]}}],"collection":[{"href":"https:\/\/temacolegio.com.br\/tema\/wp-json\/wp\/v2\/pages"}],"about":[{"href":"https:\/\/temacolegio.com.br\/tema\/wp-json\/wp\/v2\/types\/page"}],"author":[{"embeddable":true,"href":"https:\/\/temacolegio.com.br\/tema\/wp-json\/wp\/v2\/users\/1"}],"replies":[{"embeddable":true,"href":"https:\/\/temacolegio.com.br\/tema\/wp-json\/wp\/v2\/comments?post=159"}],"version-history":[{"count":1077,"href":"https:\/\/temacolegio.com.br\/tema\/wp-json\/wp\/v2\/pages\/159\/revisions"}],"predecessor-version":[{"id":21169,"href":"https:\/\/temacolegio.com.br\/tema\/wp-json\/wp\/v2\/pages\/159\/revisions\/21169"}],"wp:attachment":[{"href":"https:\/\/temacolegio.com.br\/tema\/wp-json\/wp\/v2\/media?parent=159"}],"curies":[{"name":"wp","href":"https:\/\/api.w.org\/{rel}","templated":true}]}}