{"id":150,"date":"2011-03-19T03:47:48","date_gmt":"2011-03-19T06:47:48","guid":{"rendered":"http:\/\/temacolegio.com.br\/tema\/?page_id=150"},"modified":"2026-01-28T13:13:54","modified_gmt":"2026-01-28T16:13:54","slug":"ensino_medio","status":"publish","type":"page","link":"https:\/\/temacolegio.com.br\/tema\/ensino_medio\/","title":{"rendered":"Ensino      M\u00e9dio"},"content":{"rendered":"\t\t<div data-elementor-type=\"wp-page\" data-elementor-id=\"150\" class=\"elementor elementor-150\" data-elementor-post-type=\"page\">\n\t\t\t\t\t\t<section class=\"elementor-section elementor-top-section elementor-element elementor-element-618c1a76 elementor-section-boxed elementor-section-height-default elementor-section-height-default\" data-id=\"618c1a76\" data-element_type=\"section\">\n\t\t\t\t\t\t<div class=\"elementor-container elementor-column-gap-default\">\n\t\t\t\t\t<div class=\"elementor-column elementor-col-100 elementor-top-column elementor-element elementor-element-962dc4f\" data-id=\"962dc4f\" data-element_type=\"column\">\n\t\t\t<div class=\"elementor-widget-wrap elementor-element-populated\">\n\t\t\t\t\t\t<div class=\"elementor-element elementor-element-6a677f4 elementor-widget elementor-widget-text-editor\" data-id=\"6a677f4\" data-element_type=\"widget\" data-widget_type=\"text-editor.default\">\n\t\t\t\t<div class=\"elementor-widget-container\">\n\t\t\t\t\t\t\t\t\t<p><span style=\"font-size: 24px;\">Ol\u00e1, queremos informar que optamos por n\u00e3o oferecer o Ensino M\u00e9dio em 2026 para podermos planejar com cuidado cada etapa desse projeto. Assim, em 2027, os alunos encontrar\u00e3o um Ensino M\u00e9dio revitalizado, com metodologias atualizadas, melhor estrutura e foco no desenvolvimento acad\u00eamico e pessoal.\u00a0<\/span><\/p><p><span style=\"font-size: 24px;\"><strong data-start=\"382\" data-end=\"534\">Esperamos voc\u00eas para, juntos, iniciarmos esse novo Ensino M\u00e9dio em 2027, at\u00e9 breve!<\/strong><\/span><\/p>\t\t\t\t\t\t\t\t<\/div>\n\t\t\t\t<\/div>\n\t\t\t\t<div class=\"elementor-element elementor-element-733416e8 elementor-widget elementor-widget-text-editor\" data-id=\"733416e8\" data-element_type=\"widget\" data-widget_type=\"text-editor.default\">\n\t\t\t\t<div class=\"elementor-widget-container\">\n\t\t\t\t\t\t\t\t\t<h1><span style=\"color: #ffffff; font-size: 20px;\"><img decoding=\"async\" class=\"emoji\" role=\"img\" draggable=\"false\" src=\"https:\/\/s.w.org\/images\/core\/emoji\/16.0.1\/svg\/1f31f.svg\" alt=\"\ud83c\udf1f\" \/> <span style=\"color: #000000;\">Desenvolvimento Educacional no Ensino M\u00e9dio<\/span><\/span><\/h1><p><span style=\"color: #000000; font-size: 16px;\"><strong>Nossos pilares de a\u00e7\u00e3o:<\/strong><\/span><\/p><ol><li><span style=\"color: #000000; font-size: 16px;\"><strong> Conhecimento com Prop\u00f3sito<\/strong><\/span><\/li><\/ol><p><span style=\"color: #000000; font-size: 16px;\">Mais do que decorar f\u00f3rmulas, aqui o aluno aprende a pensar, analisar, sintetizar e argumentar com autonomia. O foco \u00e9 o dom\u00ednio real das \u00e1reas do saber, com pensamento cr\u00edtico e significado.<\/span><\/p><ol start=\"2\"><li><span style=\"color: #000000; font-size: 16px;\"><strong> Protagonismo e Autonomia<\/strong><\/span><\/li><\/ol><p><span style=\"color: #000000; font-size: 16px;\">Estimulamos a responsabilidade pelo pr\u00f3prio aprendizado, promovendo a autogest\u00e3o, a tomada de decis\u00f5es e o planejamento de projetos de vida \u2014 porque acreditamos no poder da escolha consciente.<\/span><\/p><ol start=\"3\"><li><span style=\"color: #000000; font-size: 16px;\"><strong> Forma\u00e7\u00e3o Humana e \u00c9tica<\/strong><\/span><\/li><\/ol><p><span style=\"color: #000000; font-size: 16px;\">Queremos formar n\u00e3o apenas bons estudantes, mas cidad\u00e3os \u00e9ticos, emp\u00e1ticos e preparados para transformar o mundo ao seu redor com responsabilidade e solidariedade.<\/span><\/p><ol start=\"4\"><\/ol><ol start=\"4\"><li><span style=\"color: #000000; font-size: 16px;\"><strong>Tecnologia como aliada<\/strong><\/span><\/li><\/ol><p><span style=\"color: #000000; font-size: 16px;\">Usamos o potencial das ferramentas digitais para enriquecer o processo de aprendizagem, desenvolvendo habilidades essenciais para um mundo cada vez mais conectado e din\u00e2mico.<\/span><\/p><ol start=\"5\"><li><span style=\"color: #000000; font-size: 16px;\"><strong> Prepara\u00e7\u00e3o para o Futuro Real<\/strong><\/span><\/li><\/ol><p><span style=\"color: #000000; font-size: 16px;\">Nosso Ensino M\u00e9dio prepara para os grandes desafios: vestibulares, ENEM, mercado de trabalho e, acima de tudo, para a vida. Cada passo \u00e9 planejado para gerar confian\u00e7a e clareza sobre o que vem depois.<\/span><\/p><ol start=\"6\"><li><span style=\"color: #000000; font-size: 16px;\"><strong> Criatividade e Inova\u00e7\u00e3o em A\u00e7\u00e3o<\/strong><\/span><\/li><\/ol><p><span style=\"color: #000000; font-size: 16px;\">Incentivamos o pensamento original, a pesquisa e a cria\u00e7\u00e3o de solu\u00e7\u00f5es. Nossos alunos s\u00e3o desafiados a inovar e a enxergar o mundo com curiosidade e esp\u00edrito transformador.<\/span><\/p><p><span style=\"color: #000000; font-size: 16px;\">Formar jovens preparados, conscientes e capazes de realizar sonhos \u2014 esse \u00e9 o nosso prop\u00f3sito.<\/span><br \/><span style=\"color: #000000; font-size: 16px;\">Ao final dessa jornada, cada estudante sai pronto para construir seu caminho com seguran\u00e7a, autonomia e compromisso com um futuro melhor.<\/span><\/p>\t\t\t\t\t\t\t\t<\/div>\n\t\t\t\t<\/div>\n\t\t\t\t\t<\/div>\n\t\t<\/div>\n\t\t\t\t\t<\/div>\n\t\t<\/section>\n\t\t\t\t<section class=\"elementor-section elementor-top-section elementor-element elementor-element-60b8639 elementor-section-boxed elementor-section-height-default elementor-section-height-default\" data-id=\"60b8639\" data-element_type=\"section\">\n\t\t\t\t\t\t<div class=\"elementor-container elementor-column-gap-default\">\n\t\t\t\t\t<div class=\"elementor-column elementor-col-100 elementor-top-column elementor-element elementor-element-2affa73\" data-id=\"2affa73\" data-element_type=\"column\">\n\t\t\t<div class=\"elementor-widget-wrap elementor-element-populated\">\n\t\t\t\t\t\t<div class=\"elementor-element elementor-element-6078c35 elementor-widget elementor-widget-gallery\" data-id=\"6078c35\" data-element_type=\"widget\" data-settings=\"{&quot;lazyload&quot;:&quot;yes&quot;,&quot;gallery_layout&quot;:&quot;grid&quot;,&quot;columns&quot;:4,&quot;columns_tablet&quot;:2,&quot;columns_mobile&quot;:1,&quot;gap&quot;:{&quot;unit&quot;:&quot;px&quot;,&quot;size&quot;:10,&quot;sizes&quot;:[]},&quot;gap_tablet&quot;:{&quot;unit&quot;:&quot;px&quot;,&quot;size&quot;:10,&quot;sizes&quot;:[]},&quot;gap_mobile&quot;:{&quot;unit&quot;:&quot;px&quot;,&quot;size&quot;:10,&quot;sizes&quot;:[]},&quot;link_to&quot;:&quot;file&quot;,&quot;aspect_ratio&quot;:&quot;3:2&quot;,&quot;overlay_background&quot;:&quot;yes&quot;,&quot;content_hover_animation&quot;:&quot;fade-in&quot;}\" data-widget_type=\"gallery.default\">\n\t\t\t\t<div class=\"elementor-widget-container\">\n\t\t\t\t\t\t\t<div class=\"elementor-gallery__container\">\n\t\t\t\t\t<\/div>\n\t\t\t\t\t<\/div>\n\t\t\t\t<\/div>\n\t\t\t\t\t<\/div>\n\t\t<\/div>\n\t\t\t\t\t<\/div>\n\t\t<\/section>\n\t\t\t\t<section class=\"elementor-section elementor-top-section elementor-element elementor-element-55ad14e elementor-section-boxed elementor-section-height-default elementor-section-height-default\" data-id=\"55ad14e\" data-element_type=\"section\">\n\t\t\t\t\t\t<div class=\"elementor-container elementor-column-gap-default\">\n\t\t\t\t\t<div class=\"elementor-column elementor-col-100 elementor-top-column elementor-element elementor-element-8eebff0\" data-id=\"8eebff0\" data-element_type=\"column\">\n\t\t\t<div class=\"elementor-widget-wrap elementor-element-populated\">\n\t\t\t\t\t\t<div class=\"elementor-element elementor-element-3e0a9ff elementor-widget elementor-widget-spacer\" data-id=\"3e0a9ff\" data-element_type=\"widget\" data-widget_type=\"spacer.default\">\n\t\t\t\t<div class=\"elementor-widget-container\">\n\t\t\t\t\t\t\t<div class=\"elementor-spacer\">\n\t\t\t<div class=\"elementor-spacer-inner\"><\/div>\n\t\t<\/div>\n\t\t\t\t\t\t<\/div>\n\t\t\t\t<\/div>\n\t\t\t\t<div class=\"elementor-element elementor-element-d6de380 elementor-widget elementor-widget-gallery\" data-id=\"d6de380\" data-element_type=\"widget\" data-settings=\"{&quot;gallery_layout&quot;:&quot;grid&quot;,&quot;columns&quot;:4,&quot;columns_tablet&quot;:2,&quot;columns_mobile&quot;:1,&quot;gap&quot;:{&quot;unit&quot;:&quot;px&quot;,&quot;size&quot;:10,&quot;sizes&quot;:[]},&quot;gap_tablet&quot;:{&quot;unit&quot;:&quot;px&quot;,&quot;size&quot;:10,&quot;sizes&quot;:[]},&quot;gap_mobile&quot;:{&quot;unit&quot;:&quot;px&quot;,&quot;size&quot;:10,&quot;sizes&quot;:[]},&quot;link_to&quot;:&quot;file&quot;,&quot;aspect_ratio&quot;:&quot;3:2&quot;,&quot;overlay_background&quot;:&quot;yes&quot;,&quot;content_hover_animation&quot;:&quot;fade-in&quot;}\" data-widget_type=\"gallery.default\">\n\t\t\t\t<div class=\"elementor-widget-container\">\n\t\t\t\t\t\t\t<div class=\"elementor-gallery__container\">\n\t\t\t\t\t\t\t<a class=\"e-gallery-item elementor-gallery-item elementor-animated-content\" href=\"https:\/\/temacolegio.com.br\/tema\/wp-content\/uploads\/2018\/08\/IMG-20180904-WA0017.jpg\" data-elementor-open-lightbox=\"yes\" data-elementor-lightbox-slideshow=\"d6de380\" data-elementor-lightbox-title=\"IMG-20180904-WA0017\" data-e-action-hash=\"#elementor-action%3Aaction%3Dlightbox%26settings%3DeyJpZCI6Nzc3OSwidXJsIjoiaHR0cHM6XC9cL3RlbWFjb2xlZ2lvLmNvbS5iclwvdGVtYVwvd3AtY29udGVudFwvdXBsb2Fkc1wvMjAxOFwvMDhcL0lNRy0yMDE4MDkwNC1XQTAwMTcuanBnIiwic2xpZGVzaG93IjoiZDZkZTM4MCJ9\">\n\t\t\t\t\t<div class=\"e-gallery-image elementor-gallery-item__image\" data-thumbnail=\"https:\/\/temacolegio.com.br\/tema\/wp-content\/uploads\/2018\/08\/IMG-20180904-WA0017-300x225.jpg\" data-width=\"300\" data-height=\"225\" aria-label=\"\" role=\"img\" ><\/div>\n\t\t\t\t\t\t\t\t\t\t\t<div class=\"elementor-gallery-item__overlay\"><\/div>\n\t\t\t\t\t\t\t\t\t\t\t\t\t\t<\/a>\n\t\t\t\t\t\t\t<a class=\"e-gallery-item elementor-gallery-item elementor-animated-content\" href=\"https:\/\/temacolegio.com.br\/tema\/wp-content\/uploads\/2018\/08\/IMG-20180904-WA0010.jpg\" data-elementor-open-lightbox=\"yes\" data-elementor-lightbox-slideshow=\"d6de380\" data-elementor-lightbox-title=\"IMG-20180904-WA0010\" data-e-action-hash=\"#elementor-action%3Aaction%3Dlightbox%26settings%3DeyJpZCI6Nzc3MiwidXJsIjoiaHR0cHM6XC9cL3RlbWFjb2xlZ2lvLmNvbS5iclwvdGVtYVwvd3AtY29udGVudFwvdXBsb2Fkc1wvMjAxOFwvMDhcL0lNRy0yMDE4MDkwNC1XQTAwMTAuanBnIiwic2xpZGVzaG93IjoiZDZkZTM4MCJ9\">\n\t\t\t\t\t<div class=\"e-gallery-image elementor-gallery-item__image\" data-thumbnail=\"https:\/\/temacolegio.com.br\/tema\/wp-content\/uploads\/2018\/08\/IMG-20180904-WA0010-225x300.jpg\" data-width=\"225\" data-height=\"300\" aria-label=\"\" role=\"img\" ><\/div>\n\t\t\t\t\t\t\t\t\t\t\t<div class=\"elementor-gallery-item__overlay\"><\/div>\n\t\t\t\t\t\t\t\t\t\t\t\t\t\t<\/a>\n\t\t\t\t\t\t\t<a class=\"e-gallery-item elementor-gallery-item elementor-animated-content\" href=\"https:\/\/temacolegio.com.br\/tema\/wp-content\/uploads\/2018\/05\/IMG_1064-e1526913803866.jpg\" data-elementor-open-lightbox=\"yes\" data-elementor-lightbox-slideshow=\"d6de380\" data-elementor-lightbox-title=\"IMG_1064\" data-e-action-hash=\"#elementor-action%3Aaction%3Dlightbox%26settings%3DeyJpZCI6NzE2NywidXJsIjoiaHR0cHM6XC9cL3RlbWFjb2xlZ2lvLmNvbS5iclwvdGVtYVwvd3AtY29udGVudFwvdXBsb2Fkc1wvMjAxOFwvMDVcL0lNR18xMDY0LWUxNTI2OTEzODAzODY2LmpwZyIsInNsaWRlc2hvdyI6ImQ2ZGUzODAifQ%3D%3D\">\n\t\t\t\t\t<div class=\"e-gallery-image elementor-gallery-item__image\" data-thumbnail=\"https:\/\/temacolegio.com.br\/tema\/wp-content\/uploads\/2018\/05\/IMG_1064-e1526913803866-224x300.jpg\" data-width=\"224\" data-height=\"300\" aria-label=\"\" role=\"img\" ><\/div>\n\t\t\t\t\t\t\t\t\t\t\t<div class=\"elementor-gallery-item__overlay\"><\/div>\n\t\t\t\t\t\t\t\t\t\t\t\t\t\t<\/a>\n\t\t\t\t\t\t\t<a class=\"e-gallery-item elementor-gallery-item elementor-animated-content\" href=\"https:\/\/temacolegio.com.br\/tema\/wp-content\/uploads\/2017\/04\/APROVADOS-2017-3.png\" data-elementor-open-lightbox=\"yes\" data-elementor-lightbox-slideshow=\"d6de380\" data-elementor-lightbox-title=\"APROVADOS 2017 3\" data-e-action-hash=\"#elementor-action%3Aaction%3Dlightbox%26settings%3DeyJpZCI6NTI5OSwidXJsIjoiaHR0cHM6XC9cL3RlbWFjb2xlZ2lvLmNvbS5iclwvdGVtYVwvd3AtY29udGVudFwvdXBsb2Fkc1wvMjAxN1wvMDRcL0FQUk9WQURPUy0yMDE3LTMucG5nIiwic2xpZGVzaG93IjoiZDZkZTM4MCJ9\">\n\t\t\t\t\t<div class=\"e-gallery-image elementor-gallery-item__image\" data-thumbnail=\"https:\/\/temacolegio.com.br\/tema\/wp-content\/uploads\/2017\/04\/APROVADOS-2017-3.png\" data-width=\"298\" data-height=\"273\" aria-label=\"\" role=\"img\" ><\/div>\n\t\t\t\t\t\t\t\t\t\t\t<div class=\"elementor-gallery-item__overlay\"><\/div>\n\t\t\t\t\t\t\t\t\t\t\t\t\t\t<\/a>\n\t\t\t\t\t\t\t<a class=\"e-gallery-item elementor-gallery-item elementor-animated-content\" href=\"https:\/\/temacolegio.com.br\/tema\/wp-content\/uploads\/2017\/04\/CARLOS-ALEXANDRE-ZUCCHI-PEREIRA.jpg\" data-elementor-open-lightbox=\"yes\" data-elementor-lightbox-slideshow=\"d6de380\" data-elementor-lightbox-title=\"CARLOS ALEXANDRE ZUCCHI PEREIRA\" data-e-action-hash=\"#elementor-action%3Aaction%3Dlightbox%26settings%3DeyJpZCI6NTI4OSwidXJsIjoiaHR0cHM6XC9cL3RlbWFjb2xlZ2lvLmNvbS5iclwvdGVtYVwvd3AtY29udGVudFwvdXBsb2Fkc1wvMjAxN1wvMDRcL0NBUkxPUy1BTEVYQU5EUkUtWlVDQ0hJLVBFUkVJUkEuanBnIiwic2xpZGVzaG93IjoiZDZkZTM4MCJ9\">\n\t\t\t\t\t<div class=\"e-gallery-image elementor-gallery-item__image\" data-thumbnail=\"https:\/\/temacolegio.com.br\/tema\/wp-content\/uploads\/2017\/04\/CARLOS-ALEXANDRE-ZUCCHI-PEREIRA-225x300.jpg\" data-width=\"225\" data-height=\"300\" aria-label=\"\" role=\"img\" ><\/div>\n\t\t\t\t\t\t\t\t\t\t\t<div class=\"elementor-gallery-item__overlay\"><\/div>\n\t\t\t\t\t\t\t\t\t\t\t\t\t\t<\/a>\n\t\t\t\t\t\t\t<a class=\"e-gallery-item elementor-gallery-item elementor-animated-content\" href=\"https:\/\/temacolegio.com.br\/tema\/wp-content\/uploads\/2015\/05\/11186235_794874023953900_211857682_n.jpg\" data-elementor-open-lightbox=\"yes\" data-elementor-lightbox-slideshow=\"d6de380\" data-elementor-lightbox-title=\"11186235_794874023953900_211857682_n\" data-e-action-hash=\"#elementor-action%3Aaction%3Dlightbox%26settings%3DeyJpZCI6MjgxMCwidXJsIjoiaHR0cHM6XC9cL3RlbWFjb2xlZ2lvLmNvbS5iclwvdGVtYVwvd3AtY29udGVudFwvdXBsb2Fkc1wvMjAxNVwvMDVcLzExMTg2MjM1Xzc5NDg3NDAyMzk1MzkwMF8yMTE4NTc2ODJfbi5qcGciLCJzbGlkZXNob3ciOiJkNmRlMzgwIn0%3D\">\n\t\t\t\t\t<div class=\"e-gallery-image elementor-gallery-item__image\" data-thumbnail=\"https:\/\/temacolegio.com.br\/tema\/wp-content\/uploads\/2015\/05\/11186235_794874023953900_211857682_n-168x300.jpg\" data-width=\"168\" data-height=\"300\" aria-label=\"\" role=\"img\" ><\/div>\n\t\t\t\t\t\t\t\t\t\t\t<div class=\"elementor-gallery-item__overlay\"><\/div>\n\t\t\t\t\t\t\t\t\t\t\t\t\t\t<\/a>\n\t\t\t\t\t\t\t<a class=\"e-gallery-item elementor-gallery-item elementor-animated-content\" href=\"https:\/\/temacolegio.com.br\/tema\/wp-content\/uploads\/2013\/01\/DSC06745.jpg\" data-elementor-open-lightbox=\"yes\" data-elementor-lightbox-slideshow=\"d6de380\" data-elementor-lightbox-title=\"DSC06745\" data-e-action-hash=\"#elementor-action%3Aaction%3Dlightbox%26settings%3DeyJpZCI6NDY2LCJ1cmwiOiJodHRwczpcL1wvdGVtYWNvbGVnaW8uY29tLmJyXC90ZW1hXC93cC1jb250ZW50XC91cGxvYWRzXC8yMDEzXC8wMVwvRFNDMDY3NDUuanBnIiwic2xpZGVzaG93IjoiZDZkZTM4MCJ9\">\n\t\t\t\t\t<div class=\"e-gallery-image elementor-gallery-item__image\" data-thumbnail=\"https:\/\/temacolegio.com.br\/tema\/wp-content\/uploads\/2013\/01\/DSC06745-300x168.jpg\" data-width=\"300\" data-height=\"168\" aria-label=\"\" role=\"img\" ><\/div>\n\t\t\t\t\t\t\t\t\t\t\t<div class=\"elementor-gallery-item__overlay\"><\/div>\n\t\t\t\t\t\t\t\t\t\t\t\t\t\t<\/a>\n\t\t\t\t\t\t\t<a class=\"e-gallery-item elementor-gallery-item elementor-animated-content\" href=\"https:\/\/temacolegio.com.br\/tema\/wp-content\/uploads\/2015\/07\/IMG_0316.jpg\" data-elementor-open-lightbox=\"yes\" data-elementor-lightbox-slideshow=\"d6de380\" data-elementor-lightbox-title=\"IMG_0316\" data-e-action-hash=\"#elementor-action%3Aaction%3Dlightbox%26settings%3DeyJpZCI6MzAyMiwidXJsIjoiaHR0cHM6XC9cL3RlbWFjb2xlZ2lvLmNvbS5iclwvdGVtYVwvd3AtY29udGVudFwvdXBsb2Fkc1wvMjAxNVwvMDdcL0lNR18wMzE2LmpwZyIsInNsaWRlc2hvdyI6ImQ2ZGUzODAifQ%3D%3D\">\n\t\t\t\t\t<div class=\"e-gallery-image elementor-gallery-item__image\" data-thumbnail=\"https:\/\/temacolegio.com.br\/tema\/wp-content\/uploads\/2015\/07\/IMG_0316-300x225.jpg\" data-width=\"300\" data-height=\"225\" aria-label=\"\" role=\"img\" ><\/div>\n\t\t\t\t\t\t\t\t\t\t\t<div class=\"elementor-gallery-item__overlay\"><\/div>\n\t\t\t\t\t\t\t\t\t\t\t\t\t\t<\/a>\n\t\t\t\t\t<\/div>\n\t\t\t\t\t<\/div>\n\t\t\t\t<\/div>\n\t\t\t\t\t<\/div>\n\t\t<\/div>\n\t\t\t\t\t<\/div>\n\t\t<\/section>\n\t\t\t\t<\/div>\n\t\t","protected":false},"excerpt":{"rendered":"<p>Ol\u00e1, queremos informar que optamos por n\u00e3o oferecer o Ensino M\u00e9dio em 2026 para podermos planejar com cuidado cada etapa desse projeto. Assim, em 2027, os alunos encontrar\u00e3o um Ensino M\u00e9dio revitalizado, com metodologias atualizadas, melhor estrutura e foco no desenvolvimento acad\u00eamico e pessoal.\u00a0 Esperamos voc\u00eas para, juntos, iniciarmos esse [&hellip;]<\/p>\n","protected":false},"author":1,"featured_media":0,"parent":0,"menu_order":0,"comment_status":"closed","ping_status":"closed","template":"","meta":{"footnotes":""},"class_list":["post-150","page","type-page","status-publish","hentry"],"_links":{"self":[{"href":"https:\/\/temacolegio.com.br\/tema\/wp-json\/wp\/v2\/pages\/150","targetHints":{"allow":["GET"]}}],"collection":[{"href":"https:\/\/temacolegio.com.br\/tema\/wp-json\/wp\/v2\/pages"}],"about":[{"href":"https:\/\/temacolegio.com.br\/tema\/wp-json\/wp\/v2\/types\/page"}],"author":[{"embeddable":true,"href":"https:\/\/temacolegio.com.br\/tema\/wp-json\/wp\/v2\/users\/1"}],"replies":[{"embeddable":true,"href":"https:\/\/temacolegio.com.br\/tema\/wp-json\/wp\/v2\/comments?post=150"}],"version-history":[{"count":866,"href":"https:\/\/temacolegio.com.br\/tema\/wp-json\/wp\/v2\/pages\/150\/revisions"}],"predecessor-version":[{"id":21034,"href":"https:\/\/temacolegio.com.br\/tema\/wp-json\/wp\/v2\/pages\/150\/revisions\/21034"}],"wp:attachment":[{"href":"https:\/\/temacolegio.com.br\/tema\/wp-json\/wp\/v2\/media?parent=150"}],"curies":[{"name":"wp","href":"https:\/\/api.w.org\/{rel}","templated":true}]}}